{"id":965,"date":"2017-03-16T14:27:20","date_gmt":"2017-03-16T14:27:20","guid":{"rendered":"http:\/\/varialing.web.ua.pt\/?page_id=965"},"modified":"2026-04-02T11:43:44","modified_gmt":"2026-04-02T11:43:44","slug":"a","status":"publish","type":"page","link":"https:\/\/www.varialing.eu\/","title":{"rendered":"Varia\u00e7\u00e3o Lingu\u00edstica"},"content":{"rendered":"<p><strong>Varia\u00e7\u00e3o Lingu\u00edstica &#8211; VARIALING<\/strong><br \/><strong>Coordenadora: Prof. Doutora Lurdes de Castro Moutinho\u00a0<\/strong><\/p>\n<p>A\u00a0pesquisa em\u00a0Varia\u00e7\u00e3o Lingu\u00edstica (VARIALING) integra o <a href=\"http:\/\/www.ua.pt\/cllc\/\">CLLC<\/a>\u00a0(Centro de L\u00ednguas, Literaturas e Culturas) da\u00a0<a href=\"http:\/\/www.ua.pt\/\">Universidade de Aveiro<\/a>\u00a0centrando a sua investiga\u00e7\u00e3o no estudo da varia\u00e7\u00e3o lingu\u00edstica da L\u00edngua portuguesa, especialmente\u00a0no dom\u00ednio da\u00a0geopros\u00f3dia\u00a0(PE e PB), pesquisa que\u00a0tem vindo a ser desenvolvida desde dezembro de 1999, momento em que aceitamos participar no Projeto internacional AMPER\u00a0 (Atlas Multim\u00e9dia Prosodique de l\u2019Espace Roman).<\/p>\n<p>Posteriormente, t\u00eam vindo a ser desenvolvidas\u00a0 outras pesquisas na \u00e1rea da Varia\u00e7\u00e3o Lingu\u00edstica e sempre por refer\u00eancia \u00e0s L\u00ednguas rom\u00e2nicas,<br \/>Definimos, assim, as seguintes linhas de pesquisa:<\/p>\n<ul>\n<li>\u00a0estudo da varia\u00e7\u00e3o pros\u00f3dica do portugu\u00eas europeu e brasileiro &#8211; AMPER-POR ( AMPER para a L\u00edngua Portuguesa);<\/li>\n<li>\u00a0estudo da varia\u00e7\u00e3o pros\u00f3dica do mirand\u00eas &#8211; AMPER-MIR (Amper para a L\u00edngua mirandesa);<\/li>\n<li>\u00a0estudos em \u00a0dialectometria e representa\u00e7\u00e3o cartogr\u00e1fica da varia\u00e7\u00e3o lingu\u00edstica, em geral, e da pros\u00f3dia, em particular;<\/li>\n<li>estudos em varia\u00e7\u00e3o lingu\u00edstica<span style=\"font-size: 15px;\"><span style=\"font-size: 15px;\">, nos mais diversos campos de an\u00e1lise lingu\u00edstica.<\/span><\/span><br \/>\n<hr \/><\/li>\n<\/ul>\n\n\n<p><strong>Destaques: Pr\u00f3ximos eventos: <\/strong><\/p>\n\n\n\n<p><\/p>\n\n\n\n<p><strong><a href=\"https:\/\/ilg.usc.gal\/cids2026\/pt\/comites-2\/\">VIII CIDS 2026<\/a><\/strong><br><em>Congreso Internacional de Dialectolox\u00eda e Socioling\u00fc\u00edstica<\/em><br>Cartograf\u00edas da lingua: variaci\u00f3n, contacto e planificaci\u00f3n<br>Santiago de Compostela, 13-16 de xullo de 2026<\/p>\n\n\n\n<hr class=\"wp-block-separator has-alpha-channel-opacity\"\/>\n\n\n\n<p class=\"has-text-align-center\"><strong>Continua aberta a chamada de textos<\/strong> para o pr\u00f3ximo n\u00famero da <mark style=\"background-color:rgba(0, 0, 0, 0)\" class=\"has-inline-color has-black-color\">Revista Cient\u00edfica <em>Cadernos de PLE&nbsp;Estudos Variacionistas e Aplicados em L\u00edngua N\u00e3o Materna<\/em> <\/mark>(em fluxo cont\u00ednuo) &#8211; consulte <a href=\"https:\/\/www.varialing.eu\/?page_id=4926\">https:\/\/www.varialing.eu\/?page_id=4926<\/a><\/p>\n\n\n\n<hr class=\"wp-block-separator has-alpha-channel-opacity\"\/>\n\n\n\n<p class=\"has-text-align-center\"><strong><a href=\"https:\/\/congresso.varialing.eu\/publicacao\/\">IV CONGRESSO EM VARIA\u00c7\u00c3O LINGU\u00cdSTICA NAS L\u00cdNGUAS ROM\u00c2NICAS <\/a><\/strong><\/p>\n\n\n\n<p class=\"has-text-align-center\"><strong>Publica\u00e7\u00e3o dos textos &#8211; processo de revis\u00e3o por pares a decorrer<\/strong><\/p>\n\n\n\n<p class=\"has-text-align-center\"><br><\/p>\n\n\n\n<figure class=\"wp-block-pullquote\"><blockquote><p><\/p><\/blockquote><\/figure>\n\n\n\n<p><\/p>\n","protected":false},"excerpt":{"rendered":"<p>Varia\u00e7\u00e3o Lingu\u00edstica &#8211; VARIALINGCoordenadora: Prof. Doutora Lurdes de Castro Moutinho\u00a0 A\u00a0pesquisa em\u00a0Varia\u00e7\u00e3o Lingu\u00edstica (VARIALING) integra o CLLC\u00a0(Centro de L\u00ednguas, Literaturas e Culturas) da\u00a0Universidade de Aveiro\u00a0centrando a sua investiga\u00e7\u00e3o no estudo da varia\u00e7\u00e3o lingu\u00edstica da L\u00edngua portuguesa, especialmente\u00a0no dom\u00ednio da\u00a0geopros\u00f3dia\u00a0(PE e PB), pesquisa que\u00a0tem vindo a ser desenvolvida desde dezembro de 1999, momento em que aceitamos <a class=\"read-more\" href=\"https:\/\/www.varialing.eu\/\">Read More<\/a><\/p>\n","protected":false},"author":2,"featured_media":6109,"parent":0,"menu_order":0,"comment_status":"closed","ping_status":"closed","template":"template-full-width.php","meta":{"footnotes":""},"class_list":["post-965","page","type-page","status-publish","has-post-thumbnail","hentry"],"_links":{"self":[{"href":"https:\/\/www.varialing.eu\/index.php?rest_route=\/wp\/v2\/pages\/965","targetHints":{"allow":["GET"]}}],"collection":[{"href":"https:\/\/www.varialing.eu\/index.php?rest_route=\/wp\/v2\/pages"}],"about":[{"href":"https:\/\/www.varialing.eu\/index.php?rest_route=\/wp\/v2\/types\/page"}],"author":[{"embeddable":true,"href":"https:\/\/www.varialing.eu\/index.php?rest_route=\/wp\/v2\/users\/2"}],"replies":[{"embeddable":true,"href":"https:\/\/www.varialing.eu\/index.php?rest_route=%2Fwp%2Fv2%2Fcomments&post=965"}],"version-history":[{"count":326,"href":"https:\/\/www.varialing.eu\/index.php?rest_route=\/wp\/v2\/pages\/965\/revisions"}],"predecessor-version":[{"id":6722,"href":"https:\/\/www.varialing.eu\/index.php?rest_route=\/wp\/v2\/pages\/965\/revisions\/6722"}],"wp:featuredmedia":[{"embeddable":true,"href":"https:\/\/www.varialing.eu\/index.php?rest_route=\/wp\/v2\/media\/6109"}],"wp:attachment":[{"href":"https:\/\/www.varialing.eu\/index.php?rest_route=%2Fwp%2Fv2%2Fmedia&parent=965"}],"curies":[{"name":"wp","href":"https:\/\/api.w.org\/{rel}","templated":true}]}}