{"id":5418,"date":"2022-10-14T10:55:31","date_gmt":"2022-10-14T10:55:31","guid":{"rendered":"https:\/\/www.varialing.eu\/?page_id=5418"},"modified":"2023-01-16T13:15:24","modified_gmt":"2023-01-16T13:15:24","slug":"descricao-do-processo","status":"publish","type":"page","link":"https:\/\/www.varialing.eu\/?page_id=5418","title":{"rendered":"&#8211; Descri\u00e7\u00e3o do processo"},"content":{"rendered":"\n<p class=\"has-text-align-left\">A seguintes imagens descrevem as v\u00e1rias etapas no processo de representa\u00e7\u00e3o cartogr\u00e1fica at\u00e9 \u00e0 obten\u00e7\u00e3o da imagem final: mapas onde ser\u00e3o refletidas as semelhan\u00e7as\/diferen\u00e7as<br>entre as v\u00e1rias regi\u00f5es obtidas com base na representa\u00e7\u00e3o dos pol\u00edgonos. Trata-se de uma representa\u00e7\u00e3o de informa\u00e7\u00e3o espacial dos dados, permitida pela tecnologia GIS, uma t\u00e9cnica  de visualiza\u00e7\u00e3o simples e que nos permite descobrir padr\u00f5es de comportamento e relacionamento nos dados entre si.<\/p>\n\n\n<figure style=\"height:3px;\" class=\"wp-block-post-featured-image\"><img loading=\"lazy\" decoding=\"async\" width=\"677\" height=\"409\" src=\"https:\/\/www.varialing.eu\/wp-content\/uploads\/2022\/10\/Screenshot-2022-10-14-at-11.09.59.png\" class=\"attachment-post-thumbnail size-post-thumbnail wp-post-image\" alt=\"\" style=\"height:3px;object-fit:cover;\" srcset=\"https:\/\/www.varialing.eu\/wp-content\/uploads\/2022\/10\/Screenshot-2022-10-14-at-11.09.59.png 677w, https:\/\/www.varialing.eu\/wp-content\/uploads\/2022\/10\/Screenshot-2022-10-14-at-11.09.59-300x181.png 300w\" sizes=\"auto, (max-width: 677px) 100vw, 677px\" \/><\/figure>\n\n\n<figure class=\"wp-block-image size-large is-resized\"><img loading=\"lazy\" decoding=\"async\" src=\"https:\/\/www.varialing.eu\/wp-content\/uploads\/2022\/11\/Screenshot-2022-11-11-at-15.44.45-1024x210.png\" alt=\"\" class=\"wp-image-5482\" width=\"1092\" height=\"224\" srcset=\"https:\/\/www.varialing.eu\/wp-content\/uploads\/2022\/11\/Screenshot-2022-11-11-at-15.44.45-1024x210.png 1024w, https:\/\/www.varialing.eu\/wp-content\/uploads\/2022\/11\/Screenshot-2022-11-11-at-15.44.45-300x62.png 300w, https:\/\/www.varialing.eu\/wp-content\/uploads\/2022\/11\/Screenshot-2022-11-11-at-15.44.45-768x158.png 768w, https:\/\/www.varialing.eu\/wp-content\/uploads\/2022\/11\/Screenshot-2022-11-11-at-15.44.45-1536x315.png 1536w, https:\/\/www.varialing.eu\/wp-content\/uploads\/2022\/11\/Screenshot-2022-11-11-at-15.44.45.png 2038w\" sizes=\"auto, (max-width: 1092px) 100vw, 1092px\" \/><\/figure>\n\n\n\n<p class=\"has-text-align-left\">1 &#8211; Da esquerda para a direita: <em>ficheiro em formato  txt com as medi\u00e7\u00f5es de frequ\u00eancia fundamental , dura\u00e7\u00e3o e energia das vogais; script efetuado\u00a0em\u00a0matlab\u00a0que permite a compara\u00e7\u00e3o das medi\u00e7\u00f5es\u00a0em todos\u00a0os ficheiros\u00a0.txt  em ambiente matlab<\/em>.<br><\/p>\n\n\n\n<figure class=\"wp-block-image size-large is-resized\"><img loading=\"lazy\" decoding=\"async\" src=\"https:\/\/www.varialing.eu\/wp-content\/uploads\/2022\/11\/def-1024x235.png\" alt=\"\" class=\"wp-image-5488\" width=\"1087\" height=\"249\" srcset=\"https:\/\/www.varialing.eu\/wp-content\/uploads\/2022\/11\/def-1024x235.png 1024w, https:\/\/www.varialing.eu\/wp-content\/uploads\/2022\/11\/def-300x69.png 300w, https:\/\/www.varialing.eu\/wp-content\/uploads\/2022\/11\/def-768x176.png 768w, https:\/\/www.varialing.eu\/wp-content\/uploads\/2022\/11\/def-1536x353.png 1536w, https:\/\/www.varialing.eu\/wp-content\/uploads\/2022\/11\/def.png 2042w\" sizes=\"auto, (max-width: 1087px) 100vw, 1087px\" \/><\/figure>\n\n\n\n<p><em>2 &#8211; Imagens com base na utiliza\u00e7\u00e3o de software de sistemas de Informa\u00e7\u00e3o geogr\u00e1fica para a implementa\u00e7\u00e3o e cria\u00e7\u00e3o da camada inicial (primeiras 2 imagens);<\/em> <em>coloca\u00e7\u00e3o dos pontos geogr\u00e1ficos para identifica\u00e7\u00e3o dos locais de amostragem<\/em>, dando origem<em> ao <a href=\"https:\/\/g.co\/kgs\/PgohN9\">diagrama de Voronoy<\/a><\/em>.<\/p>\n\n\n\n<figure class=\"wp-block-image size-large is-resized\"><img loading=\"lazy\" decoding=\"async\" src=\"https:\/\/www.varialing.eu\/wp-content\/uploads\/2022\/12\/AAAA-1024x526.png\" alt=\"\" class=\"wp-image-5540\" width=\"1097\" height=\"562\" srcset=\"https:\/\/www.varialing.eu\/wp-content\/uploads\/2022\/12\/AAAA-1024x526.png 1024w, https:\/\/www.varialing.eu\/wp-content\/uploads\/2022\/12\/AAAA-300x154.png 300w\" sizes=\"auto, (max-width: 1097px) 100vw, 1097px\" \/><\/figure>\n\n\n\n<p>3 &#8211; Representa\u00e7\u00e3o <em> final do mapa de  Portugal Continental refletindo os pontos e os pol\u00edgonos obtido<\/em>s. Resultado da correla\u00e7\u00e3o para os enunciados afirmativos e interrogativos representado pelas diferentes tonalidades do azul. Essa correla\u00e7\u00e3o \u00e9 representada pelo d\u00e9grad\u00e9 da cor, tendo como ponto de refer\u00eancia Aveiro &#8211; Beira Litoral. <\/p>\n\n\n\n<hr class=\"wp-block-separator has-alpha-channel-opacity\"\/>\n\n\n\n<p><\/p>\n\n\n\n<p><\/p>\n","protected":false},"excerpt":{"rendered":"<p>A seguintes imagens descrevem as v\u00e1rias etapas no processo de representa\u00e7\u00e3o cartogr\u00e1fica at\u00e9 \u00e0 obten\u00e7\u00e3o da imagem final: mapas onde ser\u00e3o refletidas as semelhan\u00e7as\/diferen\u00e7asentre as v\u00e1rias regi\u00f5es obtidas com base na representa\u00e7\u00e3o dos pol\u00edgonos. Trata-se de uma representa\u00e7\u00e3o de informa\u00e7\u00e3o espacial dos dados, permitida pela tecnologia GIS, uma t\u00e9cnica de visualiza\u00e7\u00e3o simples e que nos <a class=\"read-more\" href=\"https:\/\/www.varialing.eu\/?page_id=5418\">Read More<\/a><\/p>\n","protected":false},"author":2,"featured_media":5423,"parent":0,"menu_order":0,"comment_status":"closed","ping_status":"closed","template":"template-full-width.php","meta":{"footnotes":""},"class_list":["post-5418","page","type-page","status-publish","has-post-thumbnail","hentry"],"_links":{"self":[{"href":"https:\/\/www.varialing.eu\/index.php?rest_route=\/wp\/v2\/pages\/5418","targetHints":{"allow":["GET"]}}],"collection":[{"href":"https:\/\/www.varialing.eu\/index.php?rest_route=\/wp\/v2\/pages"}],"about":[{"href":"https:\/\/www.varialing.eu\/index.php?rest_route=\/wp\/v2\/types\/page"}],"author":[{"embeddable":true,"href":"https:\/\/www.varialing.eu\/index.php?rest_route=\/wp\/v2\/users\/2"}],"replies":[{"embeddable":true,"href":"https:\/\/www.varialing.eu\/index.php?rest_route=%2Fwp%2Fv2%2Fcomments&post=5418"}],"version-history":[{"count":52,"href":"https:\/\/www.varialing.eu\/index.php?rest_route=\/wp\/v2\/pages\/5418\/revisions"}],"predecessor-version":[{"id":5708,"href":"https:\/\/www.varialing.eu\/index.php?rest_route=\/wp\/v2\/pages\/5418\/revisions\/5708"}],"wp:featuredmedia":[{"embeddable":true,"href":"https:\/\/www.varialing.eu\/index.php?rest_route=\/wp\/v2\/media\/5423"}],"wp:attachment":[{"href":"https:\/\/www.varialing.eu\/index.php?rest_route=%2Fwp%2Fv2%2Fmedia&parent=5418"}],"curies":[{"name":"wp","href":"https:\/\/api.w.org\/{rel}","templated":true}]}}