{"id":485,"date":"2017-03-07T11:54:58","date_gmt":"2017-03-07T11:54:58","guid":{"rendered":"http:\/\/varialing.web.ua.pt\/?page_id=485"},"modified":"2022-11-03T15:32:51","modified_gmt":"2022-11-03T15:32:51","slug":"outros-projetos","status":"publish","type":"page","link":"https:\/\/www.varialing.eu\/?page_id=485","title":{"rendered":"Colabora\u00e7\u00e3o em outros projetos"},"content":{"rendered":"<h5><\/h5>\n<h5><strong>&#8211; Projetos nacionais em curso:<\/strong><\/h5>\n<p>LIMA, R (coordenadora) e MOUTINHO L.C. (CLLC- Professora Associada, Universidade de Aveiro) &#8211; Varia\u00e7\u00e3o lingu\u00edstica na inf\u00e2ncia. Perce\u00e7\u00e3o Auditiva: Mem\u00f3ria e Compreens\u00e3o Verbal. (em curso)<\/p>\n<p>&#8211; ALEM-PS \u2013 Atlas Lingu\u00edstico e Etnogr\u00e1fico da Madeira e do Porto Santo, Centro de Lingu\u00edstica da Universidade de Lisboa e Universidade da Madeira, desde 2006 e a finalizar com a publica\u00e7\u00e3o impressa (colaboradora:Helena Rebelo);<br \/>\n&#8211; Grupo PAISAGEM: UMa-CIERL, para o Patrim\u00f3nio Lingu\u00edstico, desde 2016. (colaboradora: Helena Rebelo);<\/p>\n<h5><strong>&#8211; Projetos conclu\u00eddos &#8211; nacionais e internacionais<\/strong><\/h5>\n<p><em>&#8211; Mapeamento da Varia\u00e7\u00e3o Regional do PB na Amaz\u00f4nia: do N\u00edvel Segmental ao Textual. <\/em>Linha de Pesquisa: <em>Mapeamento Geopros\u00f3dico da Varia\u00e7\u00e3o da Entoa\u00e7\u00e3o<\/em>.\u00a0 Per\u00edodo de Execu\u00e7\u00e3o: 01 de Mar\u00e7o de 2018 a 28 de fevereiro de 2022. Portaria: 027\/2018 (ILC\/UFPA). (em curso). Respons\u00e1vel principal\u00a0 Regina Cruz, da Universidade do Par\u00e1, Brasil (colaboradora: Lurdes de Castro Moutinho- UA);<\/p>\n<p>&#8211; Contacto y Cambio Linguistico en Gallego (FFI2015-65208-P), coordenado pelo Instituto de L\u00edngua Galega, Universidade de Santiago de Compostela (2016-2019), Espanha (colaboradores: Alberto G\u00f3mez Bautista, Lurdes de Castro Moutinho);<\/p>\n<p>&#8211; Projeto AMPER-Norte: Acento versus Entoa\u00e7\u00e3o no Portugu\u00eas Falado no Norte do Brasil: explora\u00e7\u00e3o dos dados dos corpora do projeto AMPER-Norte (Atlas Pros\u00f3dico Multim\u00e9dia do Portugu\u00eas do Norte do Brasil) (2015-2018), sendo a sua respons\u00e1vel principal uma pesquisadora AMPER, Regina Cruz, da Universidade do Par\u00e1, Brasil (colaboradora: Lurdes de Castro Moutinho);<\/p>\n<p>&#8211; Alberto G\u00f3mez Bautista &#8211; Projeto de Investiga\u00e7\u00e3o sobre a hist\u00f3ria da literatura mirandesa com o apoio de uma bolsa da Funda\u00e7\u00e3o Calouste Gulbenkian (conclu\u00eddo em agosto de 2016). O livro resultante do projeto: Introducci\u00f3n a la historia de la literatura mirandesa.<\/p>\n<p>&#8211; Lurdes de Castro Moutinho \u2014 membro do projeto, coordenado por Regina Cruz, Universidade Federal do Par\u00e1, &#8220;Atlas Pros\u00f3dico Multim\u00e9dia do Portugu\u00eas do Norte do Brasil&#8221; &#8211; bolsa de Produtividade em Pesquisa PQ-2, processo 303455\/2008-0 de 01\/03\/2009 a 29\/02\/2012, e de 2012 a 2016.<\/p>\n<p>&#8211; Lurdes de Castro Moutinho &#8211; Membro de um projecto intitulado Estudio perceptivo de la variaci\u00f3n pros\u00f3dica dialectal del gallego (FFI2009-12738), coordenado pela Universidade de Santiago de Compostela Entidade financiadora: Direcci\u00f3n General de Investigaci\u00f3n (Ministerio de Ciencia e Innovaci\u00f3n) Entidades participantes: Universidade de Santiago de Compostela Dura\u00e7\u00e3o 3 anos, desde: 01\/01\/2010 ata: 31\/12\/2012.<\/p>\n<p>&#8211; Assess for Preventing: Tracking studies and validation of the MacArthur-Bates Communicative Development Inventories for European Portuguese(ptdc\/mhc-ped\/4725\/2012 compete: fcomp-01-0124-feder-029556), coordenado pela Universidade do Minho (colaboradora: Rosa Maria Lima);<\/p>\n<p>&#8211; Lurdes de Castro Moutinho &#8211; A descri\u00e7\u00e3o do portugu\u00eas falado no Amazonas Lurdes de Castro Moutinho \u2014 membro do projeto, coordenado por Sandra Campos, Universidade Federal do Amazonas (Cnpq2010-2012).<\/p>\n<p>&#8211; Lurdes de Castro Moutinho &#8211; membro integrante do subprojecto Atlas pros\u00f3dico multim\u00e9dia do Portugu\u00eas do Norte do Brasil, inserido no projecto global Vozes da Amaz\u00f4nia 2007-2010, coordenado por Regina Cruz da Universidade Federal do Par\u00e1.<\/p>\n<p>&#8211; Lurdes de Castro Moutinho (coordenadora), Rosa L\u00eddia Coimbra e Ana Margarida Vaz, Universidade de Aveiro: Programa Pessoa\/Curien. Projecto apresentado em Maio de 2008 \u00e0 DREBM da FCT, no \u00e2mbito da Coopera\u00e7\u00e3o Portugal\/Fran\u00e7a, Programa Pessoa\/Curien, para os anos de 2009 e 2010, aprovado em fevereiro de 2009.<\/p>\n<p>&#8211; \u00c9tude comparative des voyelles nasales du portugais et du fran\u00e7ais: de l\u2019articulation \u00e0 la synth\u00e8se, no \u00e2mbito das Ac\u00e7\u00f5es Integradas Luso-Francesas 2007.<br \/>\nEquipas:<br \/>\nUniversit\u00e9 Stendhal: Solange Rossato (respons\u00e1vel pelo projecto), Ang\u00e9lique Amelot, Pierre Badin, Antoine Serrurier;<br \/>\n&#8211; Universidade de Aveiro: Ant\u00f3nio Teixeira, Lurdes Moutinho, Rosa L\u00eddia Coimbra.<\/p>\n<p>&#8211; Heron &#8211; Parte dos membros desta equipa &#8211; Lurdes de Castro Moutinho, Rosa L\u00eddia Coimbra, Helena Margarida Vaz Duarte &#8211; esteve envolvida num projeto submetido em Julho de 2004 \u00e0 FCT, ao concurso de projetos de I&amp;D, intitulado &#8220;HERON &#8211; Um ambiente computacional para investiga\u00e7\u00e3o em s\u00edntese articulat\u00f3ria do Portugu\u00eas&#8221;. O projeto, com o n\u00famero POSI\/PLP\/57680\/2004, foi coordenado por Ant\u00f3nio Teixeira, professor\/investigador do IEETA.<br \/>\nO projeto englobava tr\u00eas vertentes:<br \/>\nAumento dos dados existentes acerca da Produ\u00e7\u00e3o do Portugu\u00eas para que seja poss\u00edvel investiga\u00e7\u00e3o na \u00e1rea dos modelos articulat\u00f3rios;<br \/>\nEvolu\u00e7\u00e3o do sintetizador articulat\u00f3rio da Universidade de Aveiro;<br \/>\nExplora\u00e7\u00e3o de novas teorias lingu\u00edsticas para os m\u00f3dulos de processamento necess\u00e1rios para que o sintetizador articulat\u00f3rio possa ser a base de um futuro sistema completo de s\u00edntese a partir do texto.<\/p>\n<p>&#8211; Lurdes de Castro Moutinho, Rosa Maria Lima &#8211; PHONOLAB &#8211; Modelo digital de Avalia\u00e7\u00e3o fon\u00e9tico\/fonol\u00f3gica, propriedade da CNOTINFOR, \u00e9 uma aplica\u00e7\u00e3o l\u00fadica, constitu\u00edda por 5 jogos, para crian\u00e7as dos 4 aos 6 anos, com recurso a reconhecimento de padr\u00f5es sonoros, de forma a permitir interac\u00e7\u00e3o multimodal com o computador, nomeadamente atrav\u00e9s da voz; desenvolvimento cognitivo e fonol\u00f3gico da crian\u00e7a; aquisi\u00e7\u00e3o de conceitos relacionados com a orienta\u00e7\u00e3o topol\u00f3gica e espacial; aquisi\u00e7\u00e3o de conceitos de espa\u00e7o, classifica\u00e7\u00e3o, n\u00fameros, medi\u00e7\u00f5es e estimativas; aquisi\u00e7\u00e3o de vocabul\u00e1rio variado sob 5 tem\u00e1ticas: Animais, Edif\u00edcios, Vestu\u00e1rio, Objectos, Localiza\u00e7\u00f5es; apoio ao professor e\/ou terapeuta para avaliar o desempenho fon\u00e9tico\/fonol\u00f3gico da crian\u00e7a e desenvolvimento de actividades de interven\u00e7\u00e3o ao n\u00edvel das compet\u00eancias lingu\u00edsticas e cognitivas.<\/p>\n<h3><\/h3>\n<h3 style=\"text-align: center;\"><\/h3>\n","protected":false},"excerpt":{"rendered":"<p>&#8211; Projetos nacionais em curso: LIMA, R (coordenadora) e MOUTINHO L.C. (CLLC- Professora Associada, Universidade de Aveiro) &#8211; Varia\u00e7\u00e3o lingu\u00edstica na inf\u00e2ncia. Perce\u00e7\u00e3o Auditiva: Mem\u00f3ria e Compreens\u00e3o Verbal. (em curso) &#8211; ALEM-PS \u2013 Atlas Lingu\u00edstico e Etnogr\u00e1fico da Madeira e do Porto Santo, Centro de Lingu\u00edstica da Universidade de Lisboa e Universidade da Madeira, desde <a class=\"read-more\" href=\"https:\/\/www.varialing.eu\/?page_id=485\">Read More<\/a><\/p>\n","protected":false},"author":2,"featured_media":0,"parent":248,"menu_order":0,"comment_status":"closed","ping_status":"closed","template":"template-full-width.php","meta":{"footnotes":""},"class_list":["post-485","page","type-page","status-publish","hentry"],"_links":{"self":[{"href":"https:\/\/www.varialing.eu\/index.php?rest_route=\/wp\/v2\/pages\/485","targetHints":{"allow":["GET"]}}],"collection":[{"href":"https:\/\/www.varialing.eu\/index.php?rest_route=\/wp\/v2\/pages"}],"about":[{"href":"https:\/\/www.varialing.eu\/index.php?rest_route=\/wp\/v2\/types\/page"}],"author":[{"embeddable":true,"href":"https:\/\/www.varialing.eu\/index.php?rest_route=\/wp\/v2\/users\/2"}],"replies":[{"embeddable":true,"href":"https:\/\/www.varialing.eu\/index.php?rest_route=%2Fwp%2Fv2%2Fcomments&post=485"}],"version-history":[{"count":27,"href":"https:\/\/www.varialing.eu\/index.php?rest_route=\/wp\/v2\/pages\/485\/revisions"}],"predecessor-version":[{"id":5455,"href":"https:\/\/www.varialing.eu\/index.php?rest_route=\/wp\/v2\/pages\/485\/revisions\/5455"}],"up":[{"embeddable":true,"href":"https:\/\/www.varialing.eu\/index.php?rest_route=\/wp\/v2\/pages\/248"}],"wp:attachment":[{"href":"https:\/\/www.varialing.eu\/index.php?rest_route=%2Fwp%2Fv2%2Fmedia&parent=485"}],"curies":[{"name":"wp","href":"https:\/\/api.w.org\/{rel}","templated":true}]}}