{"id":41,"date":"2017-03-01T11:01:19","date_gmt":"2017-03-01T11:01:19","guid":{"rendered":"http:\/\/varialing.web.ua.pt\/?page_id=41"},"modified":"2026-03-20T12:12:28","modified_gmt":"2026-03-20T12:12:28","slug":"investigadores","status":"publish","type":"page","link":"https:\/\/www.varialing.eu\/?page_id=41","title":{"rendered":"Investigadores"},"content":{"rendered":"<table border=\"0\" width=\"100%\" cellspacing=\"0\" cellpadding=\"0\">\n<tbody>\n<tr>\n<td valign=\"top\" width=\"100%\"><span style=\"font-family: verdana, arial, helvetica;\"><b>Investigadores<\/b><\/span><\/td>\n<\/tr>\n<\/tbody>\n<\/table>\n<p><a href=\"https:\/\/www.ua.pt\/cllc\/page\/21075\">Lurdes de Castro Moutinho<\/a> (UA\/CLLC) &#8211; Prof.\u00aa Associada convidada &#8211; membro integrado &#8211; Coordenadora do subgrupo <em>Varia\u00e7\u00e3o Lingu\u00edstica<br \/>\n<\/em><\/p>\n<p><a href=\"https:\/\/www.ua.pt\/cllc\/page\/23275\">Alberto Gom\u00e9z Bautista <\/a>(ISCALP\/CLLC) &#8211; Prof. Adjunto Convidado &#8211; membro integrado<br \/>\n<a href=\"https:\/\/pt.linkedin.com\/in\/aavoliveira\">Alexandre Vieira<\/a> &#8211; T\u00e9cnico de Sistemas e Tecnologias de Informa\u00e7\u00e3o &#8211; membro colaborador<br \/>\n<a href=\"https:\/\/www.ua.pt\/cllc\/page\/23858\">Elisa Fern\u00e1ndez Rei <\/a>(Santiago de Compostela\/ILG\/CLLC) &#8211; Prof.\u00aa doutora Contratada &#8211; membro colaborador<br \/>\n<a href=\"https:\/\/ilg.usc.gal\/es\/persoal\/francisco-dubert-garcia\">Francisco Dubert Garci\u0301a<\/a> (Santiago de Compostela\/ILG\/CLLC)- Prof. titular &#8211; membro colaborador<br \/>\nI<a href=\"https:\/\/www.ua.pt\/pt\/cllc\/page\/24098\">zabel Seara<\/a> ( Universidade Federal de Santa Catarina\/CLLC) &#8211; Prof.\u00aa titular- membro colaborador<br \/>\n<a href=\"https:\/\/www.cienciavitae.pt\/portal\/2F12-B7AA-6E62\">Maria Helena Rebelo<\/a> (UMa\/CLLC) &#8211; Prof.\u00aa Auxiliar &#8211; membro integrado<br \/>\n<a href=\"https:\/\/www.cienciavitae.pt\/portal\/FC1E-EC5B-BD6B\">Lu\u00eds Miguel Teixeira de Jesus<\/a> ( (ESSUA\/IEETA\/CLLC)- Prof. Coordenador com Agrega\u00e7\u00e3o em Ci\u00eancias da Sa\u00fade &#8211; membro colaborador<br \/>\n<a href=\"https:\/\/www.cienciavitae.pt\/portal\/2D1A-3A11-6E60\">Rosa L\u00eddia Coimbra<\/a> (UA\/CLLC) &#8211; Prof.\u00aa Associada &#8211; membro integrado<br \/>\n<a href=\"https:\/\/www.ua.pt\/cllc\/page\/20930\">Rosa Maria Lima<\/a> (ESE Paula Frassinetti\/CLLC) &#8211; \u00a0equiparada a Prof.\u00aa Coordenadora &#8211; membro colaborador<br \/>\n<a href=\"https:\/\/www.cienciavitae.pt\/cv\/\">Silvana Paiva<\/a> (Docente EBS\/CLLC) &#8211; Mestre em Estudos portugueses (UA)- membro colaborador<br \/>\n<a href=\"https:\/\/api-assets.ua.pt\/v1\/image\/resizer?imageUrl=https%3A%2F%2Fapi-assets.ua.pt%2Ffiles%2Fimgs%2F000%2F029%2F095%2Foriginal.jpg&amp;width=1200\">Tamara Flores P\u00e9rez<\/a> (UBI\/CLLC) &#8211; Doutora &#8211; membro integrado<br \/>\n<a href=\"https:\/\/ilg.usc.gal\/es\/persoal\/xose-luis-regueira-fernandez\">Xos\u00e9 Lu\u00eds Regueira Fern\u00e1ndez<\/a> &#8211; (Santiago de Compostela\/ILG\/CLLC) &#8211; Prof. catedr\u00e1tico &#8211; membro colaborador<br \/>\n<a href=\"https:\/\/www.ua.pt\/cllc\/page\/24396\">Xulio Sousa Fern\u00e1ndez<\/a> (Santiago de Compostela\/ILG\/CLLC) &#8211; Prof. catedr\u00e1tico &#8211; membro colaborador<\/p>\n<p><strong>Investigadores em forma\u00e7\u00e3o <\/strong>(em curso)<br \/>\nFrancisco Couto e Almeida (bolseiro\/CLLC\/UA)<\/p>\n<p><strong>Investigadores em forma\u00e7\u00e3o <\/strong>(participa\u00e7\u00e3o conclu\u00edda)<strong><br \/>\n<\/strong><strong>Joana Ramos<\/strong> (bolseira\/CLLC\/UA<br \/>\n<strong>Lia Ram\u00edrez<\/strong> (volunt\u00e1ria\/CLLC\/UA)<br \/>\n<strong>Lia Ram\u00edrez (<\/strong>bolseira\/CLLC\/UA)<br \/>\n<strong>Lia Ram\u00edrez<\/strong> (volunt\u00e1ria\/CLLC\/UA)<br \/>\n<strong>Gon\u00e7alo M. M. Louren\u00e7o <\/strong>(bolseiro\/CLLC\/UA)<\/p>\n<p><b>Investigadores que realizaram\u00a0 est\u00e1gio de p\u00f3s-doutoramento no \u00e2mbito do subgrupo Varia\u00e7\u00e3o Lingu\u00edstica<\/b><\/p>\n<p><strong>Alberto Gom\u00e9z Bautista<\/strong>\u00a0 (membro integrado do CLLC)<br \/>\nT\u00edtulo do projeto: <em>Estudos em Pros\u00f3dia do Mirand\u00eas<\/em> . Orientadora: Lurdes de Castro Moutinho, Universidade de Aveiro (conclu\u00eddo).<br \/>\n<strong>Izabel Christine Seara<\/strong> ( investigador visitante &#8211; Universidade Federal de Santa Catarina, Brasil)<br \/>\nT\u00edtulo do projeto: <em>Estudo pros\u00f3dico-entoacional de declarativas e Interrogativas na variedade dialetal florianopolitana: Regi\u00e3o n\u00e3o-urbana<\/em>. Orientadora: Lurdes de Castro Moutinho, Universidade de Aveiro (conclu\u00eddo).<br \/>\n<strong>Maria Helena Dias Rebelo <\/strong>(membro integrado do CLLC)<strong><br \/>\n<\/strong>T\u00edtulo do projeto: <em>O Arquip\u00e9lago da Madeira e o Projeto AMPER<\/em> (Atlas Pros\u00f3dico Multim\u00e9dia do Espa\u00e7o Rom\u00e2nico). Orientadora: Lurdes de Castro Moutinho; coorientadora: Rosa L\u00eddia Coimbra, Universidade de Aveiro (conclu\u00eddo).<br \/>\n<strong>Marcelo Alexandre Silva Lopes de Melo<\/strong> (UFRJ) &#8211; investigador visitante (de 04\/12\/2023 a 01\/03\/2024)<br \/>\nT\u00edtulo: Varia\u00e7\u00e3o e Mudan\u00e7a Lingu\u00edstica: Variedades do Portugu\u00eas em Perspetiva<br \/>\nOrientador: Leonardo Lennertz Marcotulio, Universidade de Aveiro (conclu\u00eddo).<\/p>\n","protected":false},"excerpt":{"rendered":"<p>Investigadores Lurdes de Castro Moutinho (UA\/CLLC) &#8211; Prof.\u00aa Associada convidada &#8211; membro integrado &#8211; Coordenadora do subgrupo Varia\u00e7\u00e3o Lingu\u00edstica Alberto Gom\u00e9z Bautista (ISCALP\/CLLC) &#8211; Prof. Adjunto Convidado &#8211; membro integrado Alexandre Vieira &#8211; T\u00e9cnico de Sistemas e Tecnologias de Informa\u00e7\u00e3o &#8211; membro colaborador Elisa Fern\u00e1ndez Rei (Santiago de Compostela\/ILG\/CLLC) &#8211; Prof.\u00aa doutora Contratada &#8211; membro <a class=\"read-more\" href=\"https:\/\/www.varialing.eu\/?page_id=41\">Read More<\/a><\/p>\n","protected":false},"author":2,"featured_media":0,"parent":0,"menu_order":0,"comment_status":"closed","ping_status":"closed","template":"template-full-width.php","meta":{"footnotes":""},"class_list":["post-41","page","type-page","status-publish","hentry"],"_links":{"self":[{"href":"https:\/\/www.varialing.eu\/index.php?rest_route=\/wp\/v2\/pages\/41","targetHints":{"allow":["GET"]}}],"collection":[{"href":"https:\/\/www.varialing.eu\/index.php?rest_route=\/wp\/v2\/pages"}],"about":[{"href":"https:\/\/www.varialing.eu\/index.php?rest_route=\/wp\/v2\/types\/page"}],"author":[{"embeddable":true,"href":"https:\/\/www.varialing.eu\/index.php?rest_route=\/wp\/v2\/users\/2"}],"replies":[{"embeddable":true,"href":"https:\/\/www.varialing.eu\/index.php?rest_route=%2Fwp%2Fv2%2Fcomments&post=41"}],"version-history":[{"count":97,"href":"https:\/\/www.varialing.eu\/index.php?rest_route=\/wp\/v2\/pages\/41\/revisions"}],"predecessor-version":[{"id":6715,"href":"https:\/\/www.varialing.eu\/index.php?rest_route=\/wp\/v2\/pages\/41\/revisions\/6715"}],"wp:attachment":[{"href":"https:\/\/www.varialing.eu\/index.php?rest_route=%2Fwp%2Fv2%2Fmedia&parent=41"}],"curies":[{"name":"wp","href":"https:\/\/api.w.org\/{rel}","templated":true}]}}