{"id":392,"date":"2017-03-07T10:21:50","date_gmt":"2017-03-07T10:21:50","guid":{"rendered":"http:\/\/varialing.web.ua.pt\/?page_id=392"},"modified":"2025-10-01T15:39:43","modified_gmt":"2025-10-01T15:39:43","slug":"outros","status":"publish","type":"page","link":"https:\/\/www.varialing.eu\/?page_id=392","title":{"rendered":"Outros eventos"},"content":{"rendered":"<h5><strong>Por ordem inversa de realiza\u00e7\u00e3o<\/strong><\/h5>\n<p><strong>2024<\/strong><\/p>\n<p><strong>Ciclo de Webinar`s<\/strong><\/p>\n<p>OS\u00d3RIO, Paulo(respons\u00e1vel principal) &#8211; Coorganizadores (Lurdes Moutinho, Alberto Bautista e Helena Rebelo) \u00a0do Ciclo de Webinar`s 2024 intitulado <em>Temas de Varia\u00e7\u00e3o Lingu\u00edstica<\/em>, mar\u00e7o a novembro de 2024, Centro de L\u00ednguas, Literaturas e Culturas da Universidade de Aveiro:<\/p>\n<ul>\n<li>22 de mar\u00e7o, <em>Qualidade de Voz e Varia\u00e7\u00e3o<\/em>, Sandra Madureira (PUC-SP)<\/li>\n<li>26 de abril,<em> Ex-votos dos S\u00e9culos XVII e XIX: janelas para a F\u00e9 e para a Varia\u00e7\u00e3o Lingu\u00edstica<\/em>, Marcus Dores \u2013 (U\u00c9vora-CIDEHUS- FCT)<\/li>\n<li>7 de junho de 2024, <em>Heran\u00e7as Lingu\u00edsticas: Pistas Segmentais e Suprassegmentais de outros Falares que emergem em variedades do Portugu\u00eas brasileiro<\/em>, Vanessa Gonzaga &#8211; (UFS-Brasil)<\/li>\n<li>25 de junho de 2024, <em>Continuidades fon\u00e9ticas entre o Galego e o Portugu\u00eas, Xos\u00e9 Lu\u00eds Regueira<\/em> (USC\/ILG \u2013 Galiza, Espanha)<\/li>\n<li>27 de julho de 2024,<em> Deste e doutro lado do atl\u00e2ntico: um di\u00e1logo Lingu\u00edstico entre Angola e o Brasil<\/em>, Afonso Miguel (ISCED-Luanda)<\/li>\n<li>18 de outubro de 2024, <em>Vozeamento na produ\u00e7\u00e3o e Perce\u00e7\u00e3o de Fala: contributos nas \u00faltimas duas d\u00e9cadas<\/em>, Lu\u00eds Jesus (Universidade de Aveiro, Portugal)<\/li>\n<\/ul>\n<p><strong>2023<\/strong><\/p>\n<p><strong>Ciclo de Webinar`s<\/strong><\/p>\n<p>OS\u00d3RIO, Paulo(respons\u00e1vel principal) &#8211; Coorganizadores (Lurdes Moutinho, Alberto Bautista e Helena Rebelo) \u00a0do Ciclo de Webinar`s 2023 intitulado <em>Temas de Varia\u00e7\u00e3o Lingu\u00edstica<\/em>, mar\u00e7o a dezembro de 2023, Centro de L\u00ednguas, Literaturas e Culturas da Universidade de Aveiro:<\/p>\n<ul>\n<li>10 de mar\u00e7o de 2023, <em>A Varia\u00e7\u00e3o Pragm\u00e1tica do(s) Imperativo(s) em Portugu\u00eas Brasileiro <\/em>(Scott Schwenter, Ohio State University);<\/li>\n<li>24 de mar\u00e7o de 2023, <em>Processo Assimilat\u00f3rio no Portugu\u00eas Brasileiro: Estudos sobre Varia\u00e7\u00e3o das Oclusivas Dentais\/Alveolares <\/em>(Dermeval da Hora, ALFAL);<\/li>\n<li>21 de abril de 2023, <em>A Identidade Dialetal do \u201cManezinho\u201d: Aspetos Segmentais e <\/em><em>Suprassegmentais <\/em>(Izabel Seara, Universidade Federal de Santa Catarina);<\/li>\n<li>26 de maio de 2023, <em>Variaci\u00f3n Ling\u00fc\u00edstica en una Situaci\u00f3n de Contacto de Lenguas <\/em>(Mar\u00eda Victoria Navas S\u00e1nchez-\u00c9lez, Universidade Complutense de Madrid);<\/li>\n<li>28 de julho de 2023, <em>Les Voix d\u2019AMPER: une Proc\u00e9dure pour l\u2019Analyse de l\u2019Extension <\/em><em style=\"font-size: revert; color: initial;\">Vocale <\/em><span style=\"font-size: revert; color: initial;\">(Antonio Romano, Universidade de Turim);<\/span><\/li>\n<li>6 de outubro de 2023, <em>A Avalia\u00e7\u00e3o Negativa e o Retardamento da Mudan\u00e7a: Ainda sobre a Rejei\u00e7\u00e3o ao Tratamento \u201cVoc\u00ea\u201d no Portugu\u00eas Europeu <\/em>(C\u00e9lia Lopes, Universidade Federal do Rio de Janeiro);<\/li>\n<li>24 de novembro de 2023, <em>O Portugu\u00eas Dialetal Nortenho dos Prim\u00f3rdios do S\u00e9culo XX e o seu Espelho no Galego: Aspetos de Varia\u00e7\u00e3o Lingu\u00edstica <\/em>(Xos\u00e9 Manuel S\u00e1nchez Rei, Universidade da Corunha).<\/li>\n<\/ul>\n<p>BAUTISTA, Alberto &#8211; Participa\u00e7\u00e3o em debate p\u00fablico. 26 de setembro de 2023. Dia Europeu das L\u00ednguas: A Raia, As l\u00ednguas da n\u00e3o fronteira. Debate p\u00fablico: L\u00edngua materna e identidade: Qual o futuro das L\u00ednguas Fronteiri\u00e7as? Evento organizado pela Representa\u00e7\u00e3o da Comiss\u00e3o Europeia em Espanha. Valverdi du Fresnu (C\u00e1ceres, Espanha).<\/p>\n<p>MOUTINHO, Lurdes de Castro &#8211; <em>Do Amper ao Praat: explica\u00e7\u00e3o e exemplifica\u00e7\u00e3o de um estudo em pros\u00f3dia<\/em>. Mestrado em Lingu\u00edstica: Sociedades e Culturas, disciplina (Unidade Curricular), Novembro. Universidade da Madeira.<\/p>\n<p><strong>2018<\/strong><\/p>\n<p>MOUTINHO, Lurdes de Castro e M. T. ROBERTO, CLLC;\u00a0 Xulio SOUSA (ILG) (organiza\u00e7\u00e3o) \u2013\u00a0\u00a0<a href=\"http:\/\/jornadas.varialing.eu\/\">Jornadas em Varia\u00e7\u00e3o e cartografia lingu\u00edstica<\/a>\u00a09 de novembro de 2018, Departamento de L\u00ednguas e Culturas da Universidade de Aveiro.\u00a0\u00a0\u00a0\u00a0http:\/\/jornadas.varialing.eu\/<\/p>\n<p><em>10h00 \u2013 Liberar-se das fronteiras. O cont\u00ednuum xeoling\u00fc\u00edstico do noroeste ib\u00e9rico (Francisco Dubert, Universidade de Santiago de Compostela) e<\/em><\/p>\n<p><em>15h00 \u2013 A representaci\u00f3n cartogr\u00e1fica da variaci\u00f3n lingu\u00edstica como m\u00e9todo de investigaci\u00f3n (<\/em>\u00a0Xulio Sousa,\u00a0<em>Universidade de Santiago de Compostela<\/em>).<\/p>\n<p>MOUTINHO, L. C., Vieira, A., Rei, E. F. &amp; Sousa, X. F. \u2013 Oficina sobre cartografia lingu\u00edstica do continuum Portugal- Galiza. Universidade de Santiago de Compostela, 8-9 de maio de 2023.<\/p>\n<p><strong>2014<\/strong><\/p>\n<p>Jornadas \/AMPER &#8211; MOUTINHO, Lurdes de Castro &#8211; Jornadas de trabalho com Regina Cruz (da Universidade do Par\u00e1), no Departamento de L\u00ednguas e Culturas da Universidade de Aveiro (Portugal), no periodo de 11 e 12 de novembro, a fim de realizar trabalhos de investiga\u00e7\u00e3o no \u00e2mbito do Projeto AMPER-POR.<\/p>\n<p><strong>2013<\/strong><\/p>\n<p>MOUTINHO, Lurdes de Castro &#8211; Reuni\u00f5es de trabalho realizadas no \u00e2mbito do projeto AMPER (Atlas Pros\u00f3dico Multim\u00e9dia do Espa\u00e7o Rom\u00e2nico), com a Professora Elisa Fernandez Rei, nos dias 11, 12 e 13 de abril de 2013, no Laborat\u00f3rio de Fon\u00e9tica do Departamento de L\u00ednguas e Culturas da Universidade de Aveiro.<\/p>\n<p>MOUTINHO, Lurdes de Castro \u2013 Participa\u00e7\u00e3o, enquanto membro do projeto &#8220;Estudio perceptivo de la variaci\u00f3n pros\u00f3dica dialectal del galego\u201d (FFI2009-12738), das Xornadas en investigaci\u00f3n de Dialectolox\u00eda Perceptiva, na Facultade de Filolox\u00eda da Universidade de Santiago de Compostela, de 17 a 19-01-2013.<\/p>\n<p>MOUTINHO, Lurdes de Castro Moutinho \u2013 Participa\u00e7\u00e3o no \u201cCurso b\u00e1sico de estat\u00edstica con R. Simposio Dialectolox\u00eda Perceptiva\u201d, integrado nas Xornadas en investigaci\u00f3n de Dialectolox\u00eda Perceptiva, na Facultade de Filolox\u00eda da Universidade de Santiago de Compostela, e dinamizado por Ma Jos\u00e9 Ginzo Villamayor e Mar\u00eda Oliveira P\u00e9rez do Departamento de Estad\u00edstica e Investigaci\u00f3n Operativa da Universidade de Santiago de Compostela, 17-01-2013.<\/p>\n<p><strong>2011<\/strong><\/p>\n<p>MOUTINHO, Lurdes \u2014 Jornadas de trabalho com o grupo de pesquisa AMPER-POR na PUC de S\u00e3o Paulo, com a equipa local, em junho\/julho.<\/p>\n<p>MOUTINHO, Lurdes de Castro &#8211; Jornadas de trabalho AMPER-POR dirigidas por Albert Rilliard, Charg\u00e9 de Recherche CNRS, em fevereiro, no LIMSI, Laboratoire d&#8217;Informatique pour la M\u00e9canique et les Sciences de l&#8217;Ing\u00e9nieur, no \u00e2mbito da Coopera\u00e7\u00e3o Portugal\/Fran\u00e7a, Programa Pessoa\/Curien.<\/p>\n<p>MOUTINHO, Lurdes de Castro &#8211; Reuni\u00f5es de trabalho AMPER-POR com a presen\u00e7a de Albert Rilliard, Charg\u00e9 de Recherche NRS, respons\u00e1vel pela base de dados do projeto AMPER, de 31 de outubro a 2 de novembro, no Laborat\u00f3rio de Fon\u00e9tica do Centro de L\u00ednguas e Culturas.<\/p>\n<p><strong>2010<\/strong><\/p>\n<p>MOUTINHO, Lurdes de Castro &#8211; Organiza\u00e7\u00e3o de uma jornada de trabalho (Julho de 2010) no \u00e2mbito do Projecto &#8220;Estudio perceptivo de la variaci\u00f3n pros\u00f3dica dialectal del gallego&#8221; (FFI2009-12738), com Antonio Romano (Universidade de Turim) e Elisa Fern\u00e1ndez Rei (Universidade de Santiago de Compostela) coordenadora do projeto.<\/p>\n<p>MOUTINHO, Lurdes de Castro &amp; COIMBRA, Rosa L\u00eddia &#8211; Organiza\u00e7\u00e3o de umas jornadas de trabalho AMPER, de 6 a 11 de Julho de 2010, com a presen\u00e7a de dois membros da direc\u00e7\u00e3o do projecto, Antonio Romano (da coordena\u00e7\u00e3o geral do projecto), Universidade de Turim e Albert Rillard (respons\u00e1vel pela base de dados do projecto), investigador do LIMSI, Paris, no \u00e2mbito da Coopera\u00e7\u00e3o Portugal\/Fran\u00e7a, Programa Pessoa\/Curien.<\/p>\n<p><strong>2009<\/strong><\/p>\n<p>MOUTINHO, Lurdes de Castro &#8211; Jornadas de trabalho com Helena Rebelo (da Universidade da Madeira), no Departamento de L\u00ednguas e Culturas da Universidade de Aveiro (Portugal), em agosto de 2009, a fim de realizar trabalhos de investiga\u00e7\u00e3o no \u00e2mbito do Projeto AMPER-POR.<\/p>\n<p>MOUTINHO, Lurdes de Castro &#8211; Jornadas de trabalho com Izabel Seara (da Universidade de Santa Catarina), no Departamento de L\u00ednguas e Culturas da Universidade de Aveiro (Portugal), em fevereiro de 2009, a fim de realizar trabalhos de investiga\u00e7\u00e3o no \u00e2mbito do Projeto AMPER-POR.<\/p>\n<p>MOUTINHO, Lurdes de Castro &#8211; Jornadas de trabalho com Maria Clara Rol\u00e3o Bernardo na Universidade dos A\u00e7ores, Ponta Delgada (Portugal), em julho de 2009, a fim de realizar trabalhos de investiga\u00e7\u00e3o no \u00e2mbito do Projeto AMPER-POR. Recolha de corpora nos tr\u00eas grupos do arquip\u00e9lago.<\/p>\n<p>MOUTINHO, Lurdes de Castro &#8211; Jornadas de trabalho com Regina Cruz (da Universidade do Par\u00e1), no Departamento de L\u00ednguas e Culturas da Universidade de Aveiro (Portugal), no periodo de 1 a 3 de outubro de 2009, a fim de realizar trabalhos de investiga\u00e7\u00e3o no \u00e2mbito do Projeto AMPER-POR.<\/p>\n<p>MOUTINHO, Lurdes de Castro &#8211; Participa\u00e7\u00e3o numas jornadas de trabalho AMPER dirigidas por Albert Rilliard, Charg\u00e9 de Recherche NRS, de 11 a 13 de Maio de 2009 no LIMSI, Laboratoire d&#8217;Informatique pour la M\u00e9canique et les Sciences de l&#8217;Ing\u00e9nieur, no \u00e2mbito da Coopera\u00e7\u00e3o Portugal\/Fran\u00e7a, Programa Pessoa\/Curien.<\/p>\n<p>MOUTINHO, Lurdes de Castro &#8211; Participa\u00e7\u00e3o, enquanto membro do comit\u00e9 cient\u00edfico, coordenadora do dom\u00ednio portugu\u00eas europeu e brasileiro no projecto AMPER, Jornadas de trabalho do comit\u00e9 cient\u00edfico do projecto AMPER, na Universit\u00e9 Stendhal\/ Laboratoire GIPSA-lab, Grenoble, de 4 a 9 de Novembro de 2009, com o apoio do programa de coopera\u00e7\u00e3o Portugal\/Fran\u00e7a Pessoa\/Curien.<\/p>\n<p>MOUTINHO, Lurdes de Castro &amp; COIMBRA, Rosa L\u00eddia &#8211; Organiza\u00e7\u00e3o de umas jornadas de trabalho AMPER, de 19 a 22 de Outubro de 2009, com a presen\u00e7a de dois membros da direc\u00e7\u00e3o do projecto, Professsor Michel Contini, coordenador geral, e Jean-Pierre Lai, secret\u00e1rio cient\u00edfico, no \u00e2mbito da Coopera\u00e7\u00e3o Portugal\/Fran\u00e7a, Programa Pessoa\/Curien.<\/p>\n<p><strong>2008<\/strong><\/p>\n<p>MOUTINHO, Lurdes de Castro &#8211; Jornadas de trabalho com Helena Rebelo (da Universidade da Madeira), no Departamento de L\u00ednguas e Culturas da Universidade de Aveiro (Portugal), em agosto de 2008, a fim de realizar trabalhos de investiga\u00e7\u00e3o no \u00e2mbito do Projeto AMPER-POR.<\/p>\n<p>MOUTINHO, Lurdes de Castro &#8211; Jornadas de trabalho com Jussara Abra\u00e7ado (da Universidade Federal Fluminense), no Departamento de L\u00ednguas e Culturas da Universidade de Aveiro (Portugal), em mar\u00e7o de 2008, a fim de realizar trabalhos de investiga\u00e7\u00e3o no \u00e2mbito do Projeto AMPER-POR.<\/p>\n<p><strong>2007<\/strong><\/p>\n<p>MOUTINHO, Lurdes de Castro &#8211; T\u00e9cnicas de recolha corpus AMPER-POR A\u00e7ores e jornadas de trabalho (utiliza\u00e7\u00e3o de programas inform\u00e1ticos, tratamento de corpus, an\u00e1lise dos dados) com a equipa AMPER-POR A\u00e7ores e Madeira, Universidade dos A\u00e7ores, Ponta Delgada, 14 a 19 de Julho de 2007.<\/p>\n<p>MOUTINHO, Lurdes de Castro \u2013 desloca\u00e7\u00e3o ao Departamento de L\u00ednguas e Culturas da Universidade de Aveiro da Prof.\u00aa Maria Clara Rol\u00e3o Bernardo (da Universidade dos A\u00e7ores), em outubro de 2007, a fim de realizar trabalhos de investiga\u00e7\u00e3o no \u00e2mbito do Projeto AMPER-POR.<\/p>\n<p><strong>2006<\/strong><\/p>\n<p>MOUTINHO, Lurdes de Castro &#8211; Jornadas de trabalho com Jussara Abra\u00e7ado (da Universidade Federal Fluminense), no Departamento de L\u00ednguas e Culturas da Universidade de Aveiro (Portugal), em outubro de 2006, a fim de realizar trabalhos de investiga\u00e7\u00e3o no \u00e2mbito do Projeto AMPER-POR.<\/p>\n<p>MOUTINHO, Lurdes de Castro &#8211; Jornadas de trabalho com Maria Clara Rol\u00e3o Bernardo (da Universidade dos A\u00e7ores), no Departamento de L\u00ednguas e Culturas da Universidade de Aveiro (Portugal), em maio de 2006, a fim de realizar trabalhos de investiga\u00e7\u00e3o no \u00e2mbito do Projeto AMPER-POR.<\/p>\n<p><strong>2004<\/strong><\/p>\n<p>MOUTINHO, Lurdes de Castro &#8211; Jornadas de trabalho com Jussara Abra\u00e7ado (da Universidade Federal Fluminense), no Departamento de L\u00ednguas e Culturas da Universidade de Aveiro (Portugal), em junho de 2004, a fim de realizar trabalhos de investiga\u00e7\u00e3o no \u00e2mbito do Projeto AMPER-POR.<\/p>\n<p>MOUTINHO, Lurdes de Castro &#8211; Jornadas de trabalho com Maria Clara Rol\u00e3o Bernardo na Universidade dos A\u00e7ores, Ponta Delgada (Portugal), em junho de 2004, a fim de realizar trabalhos de investiga\u00e7\u00e3o no \u00e2mbito do Projeto AMPER-POR.<\/p>\n<p>MOUTINHO, Lurdes de Castro &#8211; Jornadas de trabalho com Maria Clara Rol\u00e3o Bernardo (da Universidade dos A\u00e7ores), no Departamento de L\u00ednguas e Culturas da Universidade de Aveiro (Portugal), em julho de 2004, a fim de realizar trabalhos de investiga\u00e7\u00e3o no \u00e2mbito do Projeto AMPER-POR.<\/p>\n<p><strong>2003<\/strong><\/p>\n<p>MOUTINHO, L.C.; TEIXEIRA, A. .; COIMBRA, R.L. \u2013 \u201cPortugu\u00eas L\u00edngua de Cam\u00f5es e de Futuras Inven\u00e7\u00f5es?\u201d, Actividade inserida no \u00e2mbito da Semana Aberta da Ci\u00eancia e Tecnologia (incluindo: apresenta\u00e7\u00e3o dos desenvolvimentos realizados no \u00faltimo ano nas \u00e1reas da Fon\u00e9tica Experimental e S\u00edntese do Portugu\u00eas; apresenta\u00e7\u00e3o do trabalho realizado ilustrado por demonstra\u00e7\u00f5es de an\u00e1lise do sinal de voz e s\u00edntese), Laborat\u00f3rio de Fon\u00e9tica do Departamento de L\u00ednguas e Culturas da Universidade de Aveiro, 28 de Novembro de 2003.<\/p>\n<p><strong>2002<\/strong><\/p>\n<p>MOUTINHO, L.C.; TEIXEIRA, A. .; COIMBRA, R.L.\u00a0 Atividade no \u00e2mbito da Semana Aberta da Ci\u00eancia e Tecnologia intitulada \u201cE se as m\u00e1quinas falassem?\u201d Local: Laborat\u00f3rio de Fon\u00e9tica (sala 2.2.17) \u2013 Depto de L\u00ednguas e Culturas da Universidade de Aveiro, 20 de Novembro de 2002.<\/p>\n<p><strong>2000<\/strong><\/p>\n<p>MOUTINHO, L.C.; TEIXEIRA, A. .; COIMBRA, R.L. Organiza\u00e7\u00e3o de uma atividade inserida na Semana Aberta da Ci\u00eancia e tecnologia, intitulada \u201cA voz tamb\u00e9m se v\u00ea\u201d, no Laborat\u00f3rio de Fon\u00e9tica do Departamento de L\u00ednguas e Culturas da Universidade de Aveiro, 20 de Novembro de 2000.<\/p>\n","protected":false},"excerpt":{"rendered":"<p>Por ordem inversa de realiza\u00e7\u00e3o 2024 Ciclo de Webinar`s OS\u00d3RIO, Paulo(respons\u00e1vel principal) &#8211; Coorganizadores (Lurdes Moutinho, Alberto Bautista e Helena Rebelo) \u00a0do Ciclo de Webinar`s 2024 intitulado Temas de Varia\u00e7\u00e3o Lingu\u00edstica, mar\u00e7o a novembro de 2024, Centro de L\u00ednguas, Literaturas e Culturas da Universidade de Aveiro: 22 de mar\u00e7o, Qualidade de Voz e Varia\u00e7\u00e3o, Sandra <a class=\"read-more\" href=\"https:\/\/www.varialing.eu\/?page_id=392\">Read More<\/a><\/p>\n","protected":false},"author":2,"featured_media":0,"parent":356,"menu_order":0,"comment_status":"closed","ping_status":"closed","template":"template-full-width.php","meta":{"footnotes":""},"class_list":["post-392","page","type-page","status-publish","hentry"],"_links":{"self":[{"href":"https:\/\/www.varialing.eu\/index.php?rest_route=\/wp\/v2\/pages\/392","targetHints":{"allow":["GET"]}}],"collection":[{"href":"https:\/\/www.varialing.eu\/index.php?rest_route=\/wp\/v2\/pages"}],"about":[{"href":"https:\/\/www.varialing.eu\/index.php?rest_route=\/wp\/v2\/types\/page"}],"author":[{"embeddable":true,"href":"https:\/\/www.varialing.eu\/index.php?rest_route=\/wp\/v2\/users\/2"}],"replies":[{"embeddable":true,"href":"https:\/\/www.varialing.eu\/index.php?rest_route=%2Fwp%2Fv2%2Fcomments&post=392"}],"version-history":[{"count":16,"href":"https:\/\/www.varialing.eu\/index.php?rest_route=\/wp\/v2\/pages\/392\/revisions"}],"predecessor-version":[{"id":6619,"href":"https:\/\/www.varialing.eu\/index.php?rest_route=\/wp\/v2\/pages\/392\/revisions\/6619"}],"up":[{"embeddable":true,"href":"https:\/\/www.varialing.eu\/index.php?rest_route=\/wp\/v2\/pages\/356"}],"wp:attachment":[{"href":"https:\/\/www.varialing.eu\/index.php?rest_route=%2Fwp%2Fv2%2Fmedia&parent=392"}],"curies":[{"name":"wp","href":"https:\/\/api.w.org\/{rel}","templated":true}]}}