{"id":347,"date":"2017-03-07T10:10:18","date_gmt":"2017-03-07T10:10:18","guid":{"rendered":"http:\/\/varialing.web.ua.pt\/?page_id=347"},"modified":"2024-10-10T18:11:47","modified_gmt":"2024-10-10T18:11:47","slug":"publicacoes","status":"publish","type":"page","link":"https:\/\/www.varialing.eu\/?page_id=347","title":{"rendered":"Publica\u00e7\u00f5es"},"content":{"rendered":"<p><strong><span style=\"color: #0000ff;\">Uma boa parte das publica\u00e7\u00f5es est\u00e1 alojada em Google Drive, pelo que se recomenda a utiliza\u00e7\u00e3o do navegador Chrome.<\/span><\/strong><\/p>\n<table>\n<tbody>\n<tr>\n<td width=\"361\">Encontramos aqui reunidas as publica\u00e7\u00f5es de todos os investigadores da VL que fazem ou fizeram parte do grupo, desde a sua cria\u00e7\u00e3o (1999) at\u00e9 \u00e0 atualidade.Para maior facilidade de consulta, para al\u00e9m da sec\u00e7\u00e3o denominada \u201cprelo\u201d, as publica\u00e7\u00f5es\u00a0 encontram-se distribu\u00eddas, por dois grandes temas:<\/p>\n<ul>\n<li>no menu \u201cFon\u00e9tica\/fonologia\u201d, encontram-se todas as publica\u00e7\u00f5es que dizem respeito a essa \u00e1rea cient\u00edfica, repartidas por subtemas;<\/li>\n<li>no menu \u201cOutras publica\u00e7\u00f5es\u201d inclu\u00edmos todas as outras publica\u00e7\u00f5es\u00a0 que abordam\u00a0 a varia\u00e7\u00e3o lingu\u00edstica, nos mais diversos campos de an\u00e1lise .<\/li>\n<\/ul>\n<\/td>\n<td width=\"89\">\n<h5 style=\"text-align: right;\"><a href=\"http:\/\/www.varialing.eu\/?page_id=1417\">FON\u00c9TICA \/FONOLOGIA<\/a><\/h5>\n<p style=\"text-align: right;\"><a href=\"http:\/\/www.varialing.eu\/?page_id=1423\">OUTRAS PUBLICA\u00c7\u00d5ES<br \/>\n<\/a><br \/>\n<a href=\"http:\/\/www.varialing.eu\/?page_id=1450\">PRELO<\/a><\/p>\n<\/td>\n<\/tr>\n<tr>\n<td width=\"361\"><\/td>\n<td width=\"89\"><\/td>\n<\/tr>\n<\/tbody>\n<\/table>\n<p style=\"text-align: right;\">\n","protected":false},"excerpt":{"rendered":"<p>Uma boa parte das publica\u00e7\u00f5es est\u00e1 alojada em Google Drive, pelo que se recomenda a utiliza\u00e7\u00e3o do navegador Chrome. Encontramos aqui reunidas as publica\u00e7\u00f5es de todos os investigadores da VL que fazem ou fizeram parte do grupo, desde a sua cria\u00e7\u00e3o (1999) at\u00e9 \u00e0 atualidade.Para maior facilidade de consulta, para al\u00e9m da sec\u00e7\u00e3o denominada \u201cprelo\u201d, <a class=\"read-more\" href=\"https:\/\/www.varialing.eu\/?page_id=347\">Read More<\/a><\/p>\n","protected":false},"author":2,"featured_media":0,"parent":0,"menu_order":0,"comment_status":"closed","ping_status":"closed","template":"template-full-width.php","meta":{"footnotes":""},"class_list":["post-347","page","type-page","status-publish","hentry"],"_links":{"self":[{"href":"https:\/\/www.varialing.eu\/index.php?rest_route=\/wp\/v2\/pages\/347","targetHints":{"allow":["GET"]}}],"collection":[{"href":"https:\/\/www.varialing.eu\/index.php?rest_route=\/wp\/v2\/pages"}],"about":[{"href":"https:\/\/www.varialing.eu\/index.php?rest_route=\/wp\/v2\/types\/page"}],"author":[{"embeddable":true,"href":"https:\/\/www.varialing.eu\/index.php?rest_route=\/wp\/v2\/users\/2"}],"replies":[{"embeddable":true,"href":"https:\/\/www.varialing.eu\/index.php?rest_route=%2Fwp%2Fv2%2Fcomments&post=347"}],"version-history":[{"count":16,"href":"https:\/\/www.varialing.eu\/index.php?rest_route=\/wp\/v2\/pages\/347\/revisions"}],"predecessor-version":[{"id":6331,"href":"https:\/\/www.varialing.eu\/index.php?rest_route=\/wp\/v2\/pages\/347\/revisions\/6331"}],"wp:attachment":[{"href":"https:\/\/www.varialing.eu\/index.php?rest_route=%2Fwp%2Fv2%2Fmedia&parent=347"}],"curies":[{"name":"wp","href":"https:\/\/api.w.org\/{rel}","templated":true}]}}