{"id":1450,"date":"2017-03-29T10:11:33","date_gmt":"2017-03-29T10:11:33","guid":{"rendered":"http:\/\/varialing.web.ua.pt\/?page_id=1450"},"modified":"2026-01-11T13:42:21","modified_gmt":"2026-01-11T13:42:21","slug":"prelo","status":"publish","type":"page","link":"https:\/\/www.varialing.eu\/?page_id=1450","title":{"rendered":""},"content":{"rendered":"\n<p>Sousa, Xulio, Rosa M. Crujeiras &amp; M. J. Ginzo Villlamayor. Surnames distribution in Galicia: population structure, dialects and history. <em>In <\/em>Sousa, Xulio. Galician. <em>Dialectologia<\/em>, Special Issue.<\/p>\n\n\n\n<p>REBELO, H. &#8211; A gram\u00e1tica da fala e da escrita para usos de \u00absuper\u00bb no portugu\u00eas. <em>Romanistica Comeniana<\/em>. ISSN 2585-8483<\/p>\n\n\n\n<p>MOUTINHO, L.; SEARA, I. &#8220;Diatopic variation of temporal aspects in the speeches of Azores and Florian\u00f3polis&#8221;. Trabalho apresentado em&nbsp;<em>IX SIMELP &#8211; Simp\u00f3sio Mundial de Estudos de L\u00edngua Portuguesa<\/em>,&nbsp;<em>Ilha da Madeira<\/em>, 2024.<\/p>\n\n\n\n<p><\/p>\n\n\n\n<p><\/p>\n\n\n\n<p><\/p>\n\n\n\n<p><\/p>\n\n\n\n<p><\/p>\n\n\n\n<p><\/p>\n","protected":false},"excerpt":{"rendered":"<p>Sousa, Xulio, Rosa M. Crujeiras &amp; M. J. Ginzo Villlamayor. Surnames distribution in Galicia: population structure, dialects and history. In Sousa, Xulio. Galician. Dialectologia, Special Issue. REBELO, H. &#8211; A gram\u00e1tica da fala e da escrita para usos de \u00absuper\u00bb no portugu\u00eas. Romanistica Comeniana. ISSN 2585-8483 MOUTINHO, L.; SEARA, I. &#8220;Diatopic variation of temporal aspects <a class=\"read-more\" href=\"https:\/\/www.varialing.eu\/?page_id=1450\">Read More<\/a><\/p>\n","protected":false},"author":2,"featured_media":0,"parent":347,"menu_order":0,"comment_status":"closed","ping_status":"closed","template":"template-full-width.php","meta":{"footnotes":""},"class_list":["post-1450","page","type-page","status-publish","hentry"],"_links":{"self":[{"href":"https:\/\/www.varialing.eu\/index.php?rest_route=\/wp\/v2\/pages\/1450","targetHints":{"allow":["GET"]}}],"collection":[{"href":"https:\/\/www.varialing.eu\/index.php?rest_route=\/wp\/v2\/pages"}],"about":[{"href":"https:\/\/www.varialing.eu\/index.php?rest_route=\/wp\/v2\/types\/page"}],"author":[{"embeddable":true,"href":"https:\/\/www.varialing.eu\/index.php?rest_route=\/wp\/v2\/users\/2"}],"replies":[{"embeddable":true,"href":"https:\/\/www.varialing.eu\/index.php?rest_route=%2Fwp%2Fv2%2Fcomments&post=1450"}],"version-history":[{"count":67,"href":"https:\/\/www.varialing.eu\/index.php?rest_route=\/wp\/v2\/pages\/1450\/revisions"}],"predecessor-version":[{"id":6669,"href":"https:\/\/www.varialing.eu\/index.php?rest_route=\/wp\/v2\/pages\/1450\/revisions\/6669"}],"up":[{"embeddable":true,"href":"https:\/\/www.varialing.eu\/index.php?rest_route=\/wp\/v2\/pages\/347"}],"wp:attachment":[{"href":"https:\/\/www.varialing.eu\/index.php?rest_route=%2Fwp%2Fv2%2Fmedia&parent=1450"}],"curies":[{"name":"wp","href":"https:\/\/api.w.org\/{rel}","templated":true}]}}